{"id":89,"date":"2012-09-13T20:26:54","date_gmt":"2012-09-13T20:26:54","guid":{"rendered":"http:\/\/studiobycaro.lu\/?page_id=89"},"modified":"2022-02-24T10:12:52","modified_gmt":"2022-02-24T10:12:52","slug":"eng-fotosession","status":"publish","type":"page","link":"http:\/\/carophoto.lu\/?page_id=89","title":{"rendered":"Eng Fotos\u00e9ance?"},"content":{"rendered":"<p>Fir bei mir Fotoen ze maachen brauch der Iech just e <span style=\"color: #9e7a3c;\"><strong>Rendez-vous<\/strong><\/span> ze froen. Ech kann mer moies, m\u00ebttes, evtl. och engkeier owes an och Samschdesmoies Z\u00e4it huelen, sou wei et Iech am beschten geet.<br>Et ass gutt&nbsp;wann der Iech mindestens ee Mount am viraus&nbsp;ee rendez-vous frot, dann ass&nbsp;nach m\u00e9i M\u00e9iglechkeet fir&nbsp;een Dag&nbsp;ze fannen wou et jidderengem&nbsp;passt.<br>Kommt eleng, mat \u00c4re Kanner, br\u00e9ngt den Hond mat oder soss ee Familljemember \ud83d\ude42 Alles guer kee Problem.<\/p>\n<p>&nbsp;<\/p>\n<p><strong><span style=\"color: #9e7a3c;\">NEIERDINGS<\/span> <\/strong>hunn ech eng Make-Up Artistin d\u00e9i Iech op Wonsch schminken kennt an och Hairstyle ubitt. Fir weider Detailer heizou kennt der g\u00e4ren bei mir nofroen. Hei de Link zu sengem Site, fir sech seng gutt Arbicht unzekucken: <a href=\"https:\/\/www.beautybyceline.com\">https:\/\/www.beautybyceline.com<\/a><\/p>\n<p>&nbsp;<\/p>\n<p>Dann iwwerleet der Iech ob der d&#8217;Fotoen w\u00ebllt <span style=\"color: #9e7a3c;\"><strong>dobannen <\/strong><\/span><span style=\"color: #ff0000;\"><span style=\"color: #000000;\">am Studio<\/span><\/span> <span style=\"color: #9e7a3c;\"><strong>oder dobaussen<\/strong> <\/span>an der Natur maachen (dat geet natierlich just wann d&#8217;Wieder matspillt).<\/p>\n<p>Eng Sessioun dauert ongefeier <strong><span style=\"color: #9e7a3c;\">eng Stonn<\/span><\/strong>&#8230; (et h\u00e4ngt vun der Zort vum Shooting of).<\/p>\n<p>&nbsp;<\/p>\n<p>Nom Shooting maachen ech eng<span style=\"color: #9e7a3c;\"> <strong>Pr\u00e9-Selektioun<\/strong> <\/span>vun deenen beschten&nbsp;Fotoen. <br>D\u00e9i Fotoen d\u00e9i&nbsp;dann nach iwrich bleiwen (t\u00ebscht&nbsp;100 an 200 St\u00e9ck) kritt der an engem Link iwwert&nbsp;E-Mail gesch\u00e9ckt. Iwwert d\u00ebse&nbsp;Link kennt dier dann d\u00e9i&nbsp;Fotoen eraussichen d\u00e9i&nbsp;Iech am beschten gefalen. No \u00c4rer&nbsp;<strong><span style=\"color: #9e7a3c;\">Selektioun<\/span> <\/strong>beaarbechten&nbsp;ech d\u00e9i&nbsp;vun Iech ausgewielten Fotoen.&nbsp;<br>Dier kritt duerno di f\u00e4rdich verschafften Fotoen iwwert een Download-Link no 10-14 Deeg vu mer zougesch\u00e9ckt..<\/p>\n<p>&nbsp;<\/p>\n<p>Ech kann Iech och <strong><span style=\"color: #9e7a3c;\">Entw\u00e9cklungen<\/span> <\/strong>ubidden, Fotoen arummen, op Toile dr\u00e9cken oder hannert Plexiglas maachen loossen. Ech hunn Beispiller bei mir, d\u00e9i der Iech kennt ukucken iert der Iech fir eppes entscheet.<br>Och <strong><span style=\"color: #9e7a3c;\">Remerciementen<\/span> <\/strong>kann ech maachen. Gr\u00e9isst an den Layout, ganz no \u00c4rem Wonsch.<br>-&gt;kuckt och d&#8217;Beispiller hei \u00ebnnert&nbsp;der Rubrik &#8222;Produkter&#8220;<\/p>\n<p>&nbsp;<\/p>\n<p><strong><span style=\"color: #9e7a3c;\">\u00c4ren Outfit:<\/span><\/strong><br>Am beschten d\u00e9i Leit d\u00e9i op d&#8217;Foto kommen dinn sech unis un. Also an anere Wieder, kee Gezei dat vill gemustert ass, well d\u00e9i Saachen sinn an enger Dozent Joren aus der Moud an op \u00c4rer Foto f\u00e4lt Iech haapts\u00e4chlech deen almoudesche Pullover op deen der deemools ugedo hat \ud83d\ude42<br>Wa m\u00e9i Leit op d&#8217;Foto kommen, ass et och \u00ebmmer sch\u00e9in wann der Iech faarflech&nbsp;passend zoueneen unditt. T&#8217;muss awer och nit de Partnerlook sinn&#8230; m\u00e4 \u00ebnnen eng Jeans an uewen w\u00e4iss&#8230; Aff\u00e4r&nbsp;de Go\u00fbt&#8230; ech schw\u00e4tzen do kengem dran.<\/p>\n\n\n<div class=\"wp-block-image is-style-rounded\"><figure class=\"aligncenter size-full\"><a href=\"http:\/\/carophoto.lu\/wp-content\/uploads\/2022\/02\/D5B_9797-2.jpg\"><img fetchpriority=\"high\" decoding=\"async\" width=\"1000\" height=\"667\" src=\"http:\/\/carophoto.lu\/wp-content\/uploads\/2022\/02\/D5B_9797-2.jpg\" alt=\"\" class=\"wp-image-7006\" srcset=\"http:\/\/carophoto.lu\/wp-content\/uploads\/2022\/02\/D5B_9797-2.jpg 1000w, http:\/\/carophoto.lu\/wp-content\/uploads\/2022\/02\/D5B_9797-2-288x192.jpg 288w, http:\/\/carophoto.lu\/wp-content\/uploads\/2022\/02\/D5B_9797-2-494x329.jpg 494w, http:\/\/carophoto.lu\/wp-content\/uploads\/2022\/02\/D5B_9797-2-768x512.jpg 768w\" sizes=\"(max-width: 1000px) 100vw, 1000px\" \/><\/a><\/figure><\/div>\n","protected":false},"excerpt":{"rendered":"<p>Fir bei mir Fotoen ze maachen brauch der Iech just e Rendez-vous ze froen. Ech kann mer moies, m\u00ebttes, evtl. och engkeier owes an och Samschdesmoies Z\u00e4it huelen, sou wei et Iech am beschten geet.Et ass gutt&nbsp;wann der Iech mindestens ee Mount am viraus&nbsp;ee rendez-vous frot, dann ass&nbsp;nach m\u00e9i M\u00e9iglechkeet fir&nbsp;een Dag&nbsp;ze fannen wou et jidderengem&nbsp;passt.Kommt eleng, mat \u00c4re Kanner, br\u00e9ngt den Hond mat oder soss ee Familljemember \ud83d\ude42 Alles guer kee Problem. &nbsp; NEIERDINGS hunn ech eng Make-Up Artistin d\u00e9i Iech op Wonsch schminken kennt an och Hairstyle ubitt. Fir weider Detailer heizou kennt der g\u00e4ren bei mir nofroen. Hei de Link zu sengem Site, fir sech seng gutt Arbicht unzekucken: https:\/\/www.beautybyceline.com &nbsp; Dann iwwerleet der Iech ob der d&#8217;Fotoen w\u00ebllt dobannen am Studio oder dobaussen an der Natur maachen (dat geet natierlich just wann d&#8217;Wieder matspillt). Eng Sessioun dauert ongefeier eng Stonn&#8230; (et h\u00e4ngt vun der Zort vum Shooting of). &nbsp; Nom Shooting maachen ech eng Pr\u00e9-Selektioun vun deenen beschten&nbsp;Fotoen. D\u00e9i Fotoen d\u00e9i&nbsp;dann nach iwrich bleiwen (t\u00ebscht&nbsp;100 an 200 St\u00e9ck) kritt der an engem Link iwwert&nbsp;E-Mail gesch\u00e9ckt. Iwwert d\u00ebse&nbsp;Link kennt dier dann d\u00e9i&nbsp;Fotoen eraussichen d\u00e9i&nbsp;Iech am beschten gefalen. No \u00c4rer&nbsp;Selektioun beaarbechten&nbsp;ech d\u00e9i&nbsp;vun Iech ausgewielten Fotoen.&nbsp;Dier kritt duerno di f\u00e4rdich verschafften Fotoen iwwert een Download-Link no 10-14 Deeg vu mer zougesch\u00e9ckt.. &nbsp; Ech kann Iech och Entw\u00e9cklungen ubidden, Fotoen arummen, op Toile dr\u00e9cken oder hannert Plexiglas maachen loossen. Ech hunn Beispiller bei mir, d\u00e9i der Iech kennt ukucken iert der Iech fir eppes entscheet.Och Remerciementen kann ech maachen. Gr\u00e9isst an den Layout, ganz no \u00c4rem Wonsch.-&gt;kuckt och d&#8217;Beispiller hei \u00ebnnert&nbsp;der Rubrik &#8222;Produkter&#8220; &nbsp; \u00c4ren Outfit:Am beschten d\u00e9i Leit d\u00e9i op d&#8217;Foto kommen dinn sech unis un. Also an anere Wieder, kee Gezei dat vill gemustert ass, well d\u00e9i Saachen sinn an enger Dozent Joren aus der Moud an op \u00c4rer Foto f\u00e4lt Iech haapts\u00e4chlech deen almoudesche Pullover op deen der deemools ugedo hat \ud83d\ude42Wa m\u00e9i Leit op d&#8217;Foto kommen, ass et och \u00ebmmer sch\u00e9in wann der Iech faarflech&nbsp;passend zoueneen unditt. T&#8217;muss awer och nit de Partnerlook sinn&#8230; m\u00e4 \u00ebnnen eng Jeans an uewen w\u00e4iss&#8230; Aff\u00e4r&nbsp;de Go\u00fbt&#8230; ech schw\u00e4tzen do kengem dran.<\/p>\n","protected":false},"author":2,"featured_media":0,"parent":0,"menu_order":2,"comment_status":"closed","ping_status":"open","template":"","meta":{"ngg_post_thumbnail":0,"footnotes":""},"class_list":["post-89","page","type-page","status-publish","hentry"],"acf":[],"_links":{"self":[{"href":"http:\/\/carophoto.lu\/index.php?rest_route=\/wp\/v2\/pages\/89","targetHints":{"allow":["GET"]}}],"collection":[{"href":"http:\/\/carophoto.lu\/index.php?rest_route=\/wp\/v2\/pages"}],"about":[{"href":"http:\/\/carophoto.lu\/index.php?rest_route=\/wp\/v2\/types\/page"}],"author":[{"embeddable":true,"href":"http:\/\/carophoto.lu\/index.php?rest_route=\/wp\/v2\/users\/2"}],"replies":[{"embeddable":true,"href":"http:\/\/carophoto.lu\/index.php?rest_route=%2Fwp%2Fv2%2Fcomments&post=89"}],"version-history":[{"count":19,"href":"http:\/\/carophoto.lu\/index.php?rest_route=\/wp\/v2\/pages\/89\/revisions"}],"predecessor-version":[{"id":7187,"href":"http:\/\/carophoto.lu\/index.php?rest_route=\/wp\/v2\/pages\/89\/revisions\/7187"}],"wp:attachment":[{"href":"http:\/\/carophoto.lu\/index.php?rest_route=%2Fwp%2Fv2%2Fmedia&parent=89"}],"curies":[{"name":"wp","href":"https:\/\/api.w.org\/{rel}","templated":true}]}}