{"id":7036,"date":"2022-02-22T19:42:43","date_gmt":"2022-02-22T19:42:43","guid":{"rendered":"http:\/\/carophoto.lu\/?page_id=7036"},"modified":"2024-10-18T07:35:54","modified_gmt":"2024-10-18T07:35:54","slug":"landschaftsfotoen","status":"publish","type":"page","link":"http:\/\/carophoto.lu\/?page_id=7036","title":{"rendered":"Landschaftsfotoen"},"content":{"rendered":"\n<p>Leit d\u00e9i\u00a0mech kennen, w\u00ebssen\u00a0dass ech immens g\u00e4r spads\u00e9ieren\u00a0gin a vill Z\u00e4it mat mengem Hond dobaussen an der Natur verbr\u00e9ngen. Natierlich\u00a0oft zesummen mat mengem Fotosapparat.<br><br>Ech wunnen hei an enger immens sch\u00e9iner G\u00e9igend, n\u00e4mlich beim Uewersauer Staus\u00e9i. An do verbr\u00e9ngen\u00a0ech vill Fr\u00e4iz\u00e4it a maachen Fotoen an d\u00ebser\u00a0flotter G\u00e9igend.S\u00e4it l\u00e4ngerem denken ech doriwwer\u00a0no fir ee Blog mat menge Landschaftsopnamen\u00a0ze maachen an d\u00e9i\u00a0dann als Print ze verkafen. Dat ganzt ass\u00a0nach komplett am Opbau.. ech muss meng Galerie\u00a0onbedingt nach vergr\u00e9isseren\u00a0an ech g\u00e9if\u00a0ganz g\u00e4r\u00a0mat engem letzeboier Printer zesumme schaffen.. wei gesot.. t\u2019ass\u00a0alles nach am Opbau.. mee ech wollt awer elo einfach mol starten an meng 1. Fotoen mol weisen an ubidden.<br><br>De Moment ass\u00a0meng Galerie\u00a0nach zimlich kleng. Do kennt lo no an no nach villes dob\u00e4i.Bestellen kennt der d\u2019Fotoen bei mir a ville verschiddenen Gr\u00e9issten\u00a0op \u00ebnnerschiddlechem\u00a0Material (op Holz, Aludibond, Acrylglas, Foto mat Passepartout).<br>D\u2019Pr\u00e4isser vari\u00e9ieren natierlich\u00a0mat der Gr\u00e9isst\u00a0a mam Material. G\u00e4ren\u00a0kennt der do ganz onverbindlech\u00a0en Devis froen.<br><br>Hei as de Link fir weider Landschaftsfotoen ze gesin:<br>https:\/\/carophotography.pic-time.com\/zM6jv6FC2GjF8<br><\/p>\n\n\nngg_shortcode_0_placeholder\n","protected":false},"excerpt":{"rendered":"<p>Leit d\u00e9i\u00a0mech kennen, w\u00ebssen\u00a0dass ech immens g\u00e4r spads\u00e9ieren\u00a0gin a vill Z\u00e4it mat mengem Hond dobaussen an der Natur verbr\u00e9ngen. Natierlich\u00a0oft zesummen mat mengem Fotosapparat. Ech wunnen hei an enger immens sch\u00e9iner G\u00e9igend, n\u00e4mlich beim Uewersauer Staus\u00e9i. An do verbr\u00e9ngen\u00a0ech vill Fr\u00e4iz\u00e4it a maachen Fotoen an d\u00ebser\u00a0flotter G\u00e9igend.S\u00e4it l\u00e4ngerem denken ech doriwwer\u00a0no fir ee Blog mat menge Landschaftsopnamen\u00a0ze maachen an d\u00e9i\u00a0dann als Print ze verkafen. Dat ganzt ass\u00a0nach komplett am Opbau.. ech muss meng Galerie\u00a0onbedingt nach vergr\u00e9isseren\u00a0an ech g\u00e9if\u00a0ganz g\u00e4r\u00a0mat engem letzeboier Printer zesumme schaffen.. wei gesot.. t\u2019ass\u00a0alles nach am Opbau.. mee ech wollt awer elo einfach mol starten an meng 1. Fotoen mol weisen an ubidden. De Moment ass\u00a0meng Galerie\u00a0nach zimlich kleng. Do kennt lo no an no nach villes dob\u00e4i.Bestellen kennt der d\u2019Fotoen bei mir a ville verschiddenen Gr\u00e9issten\u00a0op \u00ebnnerschiddlechem\u00a0Material (op Holz, Aludibond, Acrylglas, Foto mat Passepartout).D\u2019Pr\u00e4isser vari\u00e9ieren natierlich\u00a0mat der Gr\u00e9isst\u00a0a mam Material. G\u00e4ren\u00a0kennt der do ganz onverbindlech\u00a0en Devis froen. Hei as de Link fir weider Landschaftsfotoen ze gesin:https:\/\/carophotography.pic-time.com\/zM6jv6FC2GjF8<\/p>\n","protected":false},"author":2,"featured_media":0,"parent":0,"menu_order":0,"comment_status":"closed","ping_status":"closed","template":"","meta":{"ngg_post_thumbnail":0,"footnotes":""},"class_list":["post-7036","page","type-page","status-publish","hentry"],"acf":[],"_links":{"self":[{"href":"http:\/\/carophoto.lu\/index.php?rest_route=\/wp\/v2\/pages\/7036","targetHints":{"allow":["GET"]}}],"collection":[{"href":"http:\/\/carophoto.lu\/index.php?rest_route=\/wp\/v2\/pages"}],"about":[{"href":"http:\/\/carophoto.lu\/index.php?rest_route=\/wp\/v2\/types\/page"}],"author":[{"embeddable":true,"href":"http:\/\/carophoto.lu\/index.php?rest_route=\/wp\/v2\/users\/2"}],"replies":[{"embeddable":true,"href":"http:\/\/carophoto.lu\/index.php?rest_route=%2Fwp%2Fv2%2Fcomments&post=7036"}],"version-history":[{"count":4,"href":"http:\/\/carophoto.lu\/index.php?rest_route=\/wp\/v2\/pages\/7036\/revisions"}],"predecessor-version":[{"id":8240,"href":"http:\/\/carophoto.lu\/index.php?rest_route=\/wp\/v2\/pages\/7036\/revisions\/8240"}],"wp:attachment":[{"href":"http:\/\/carophoto.lu\/index.php?rest_route=%2Fwp%2Fv2%2Fmedia&parent=7036"}],"curies":[{"name":"wp","href":"https:\/\/api.w.org\/{rel}","templated":true}]}}